{"id":482,"date":"2024-08-09T09:11:48","date_gmt":"2024-08-09T07:11:48","guid":{"rendered":"https:\/\/www.teles.cz\/?page_id=482"},"modified":"2025-03-31T15:02:45","modified_gmt":"2025-03-31T13:02:45","slug":"o-nas","status":"publish","type":"page","link":"https:\/\/www.teles.cz\/en\/o-nas\/","title":{"rendered":"About Us"},"content":{"rendered":"<div class=\"section-container-wrapper\">\r\n\t<div class=\"border-adjust\">\r\n\t\t<h1>About Us<\/h1>\r\n\t\t<br \/>\r\n\t\t<p>\r\n\t\t\tThe company is an exclusively Czech supplier of telecommunications\r\n\t\t\tsolutions with more than twenty years of tradition in the field of\r\n\t\t\ttelecommunications. Since its establishment in 1990, we have been\r\n\t\t\tengaged in the supply, installation, and maintenance of telephone\r\n\t\t\texchanges of the ALCATEL-LUCENT brand, for which we are an\r\n\t\t\tauthorized partner. In recent years, we have expanded our portfolio\r\n\t\t\tto include telephone exchanges from PANASONIC and 3CX.\r\n\t\t<\/p>\r\n\t\t<p>\r\n\t\t\tCurrently, in addition to the above, we provide delivery and\r\n\t\t\tinstallation of documentation and recording devices, interactive\r\n\t\t\tvoice systems (e.g., Voice mail, automatic switchboard, audiotex),\r\n\t\t\tand telecommunications equipment (telephones, audioconferencing and\r\n\t\t\tvideoconferencing devices, headsets, door systems, faxes, GSM\/UMTS\r\n\t\t\tgateways). We also perform the supply, installation, modifications,\r\n\t\t\tand repairs of telephone wiring and computer networks, installation\r\n\t\t\tof structured cabling, and the supply and maintenance of security\r\n\t\t\tsystems EZS and EPS.\r\n\t\t<\/p>\r\n\t\t<p>\r\n\t\t\tWe also provide post-warranty service for telecommunications\r\n\t\t\tequipment. We offer our customers a service contract for the\r\n\t\t\tmaintenance of telecommunications equipment and technical support\r\n\t\t\tfor all devices we supply. We closely cooperate with manufacturers\r\n\t\t\tof leading brands in the field of telecommunications, such as\r\n\t\t\tAlphatech, 2N, Concorde, Plantronics, Polycom, Siemens, or Well.\r\n\t\t<\/p>\r\n\t\t<p>\r\n\t\t\tWhat we want to offer to the telecommunications market are capable\r\n\t\t\tand hardworking employees whose goal is to provide communication\r\n\t\t\tsolutions that meet requirements, both technically and financially.\r\n\t\t\tWe are able to create a highly cost-effective system with high\r\n\t\t\tutility value at low implementation costs.\r\n\t\t<\/p>\r\n\t\t<p>\r\n\t\t\tOur customer spectrum is very broad: it includes demanding customers\r\n\t\t\tfrom the telecommunications industry, business centers, multi-story\r\n\t\t\toffice buildings, large, medium, and small companies, self-employed\r\n\t\t\tindividuals, ordinary users, and state organizations. Be the next\r\n\t\t\tcustomer\u2014you!\r\n\t\t<\/p>\r\n\t\t<br \/>\r\n\t\t<h3>We look forward to cooperating with you!<\/h3>\r\n\t\t<br \/>\r\n\t\t<div class=\"content-wrapper\">\r\n\t\t\t<div class=\"scrolling-wrapper\">\r\n\t\t\t\t<div class=\"review-item active\">\r\n\t\t\t\t\t<img\r\n\t\t\t\t\t\tsrc=\"\/wp-content\/uploads\/2024\/08\/Logo_eurovia.webp\"\r\n\t\t\t\t\t\talt=\"Eurovia\"\r\n\t\t\t\t\t\/>\r\n\t\t\t\t\t<p>\r\n\t\t\t\t\t\tLong-term cooperation with TELES s.r.o. ensures\r\n\t\t\t\t\t\ttrouble-free operation of our telephone exchange. Any\r\n\t\t\t\t\t\trepairs and work are always performed to the required\r\n\t\t\t\t\t\tquality, within the deadline, and meet technical\r\n\t\t\t\t\t\trequirements. I recommend TELES s.r.o. as a reliable\r\n\t\t\t\t\t\tcontractor.\r\n\t\t\t\t\t<\/p>\r\n\t\t\t\t\t<h3 class=\"author-name\">Ivana Kudrnov\u00e1<\/h3>\r\n\t\t\t\t\t<h4 class=\"author-bio\">\r\n\t\t\t\t\t\t<span class=\"item-company\"\r\n\t\t\t\t\t\t\t><p>Facility Manager,<\/p>\r\n\t\t\t\t\t\t\tEUROVIA Services s.r.o.\r\n\t\t\t\t\t\t<\/span>\r\n\t\t\t\t\t<\/h4>\r\n\t\t\t\t<\/div>\r\n\t\t\t\t<div class=\"review-item active\">\r\n\t\t\t\t\t<img\r\n\t\t\t\t\t\tsrc=\"\/wp-content\/uploads\/2024\/08\/Logo_CeskaFilha.webp\"\r\n\t\t\t\t\t\talt=\"Czech Philharmonic\"\r\n\t\t\t\t\t\/>\r\n\t\t\t\t\t<p>\r\n\t\t\t\t\t\tTeles, s.r.o., has been a long-term supplier of services\r\n\t\t\t\t\t\tand technical equipment for our organization, the Czech\r\n\t\t\t\t\t\tPhilharmonic, located in the Rudolfinum building, in the\r\n\t\t\t\t\t\tfield of fixed telephony.\r\n\t\t\t\t\t<\/p>\r\n\t\t\t\t\t<p>\r\n\t\t\t\t\t\tI would like to highlight, in addition to the high\r\n\t\t\t\t\t\tprofessional qualities and trouble-free cooperation of\r\n\t\t\t\t\t\tall employees, especially the meticulousness, maximum\r\n\t\t\t\t\t\tadaptability in more difficult operational conditions,\r\n\t\t\t\t\t\tand a work-sensitive approach that the Rudolfinum\r\n\t\t\t\t\t\tbuilding, as a state cultural monument, certainly\r\n\t\t\t\t\t\tdeserves.\r\n\t\t\t\t\t<\/p>\r\n\t\t\t\t\t<h3 class=\"author-name\">Leo\u0161 Dr\u00e1bek<\/h3>\r\n\t\t\t\t\t<h4 class=\"author-bio\">\r\n\t\t\t\t\t\t<span class=\"item-company\"\r\n\t\t\t\t\t\t\t><p>Head of Building and Property Management,<\/p>\r\n\t\t\t\t\t\t\tCzech Philharmonic\r\n\t\t\t\t\t\t<\/span>\r\n\t\t\t\t\t<\/h4>\r\n\t\t\t\t<\/div>\r\n\t\t\t\t<div class=\"review-item active\">\r\n\t\t\t\t\t<img\r\n\t\t\t\t\t\tsrc=\"\/wp-content\/uploads\/2024\/08\/Logo_Eltodo.webp\"\r\n\t\t\t\t\t\talt=\"Eltodo\"\r\n\t\t\t\t\t\/>\r\n\t\t\t\t\t<p>\r\n\t\t\t\t\t\tTELES s.r.o. provides complete software and hardware\r\n\t\t\t\t\t\tsupport and upgrades for our telephone exchanges,\r\n\t\t\t\t\t\tincluding consulting and training. We are preparing to\r\n\t\t\t\t\t\texpand our cooperation with Teles s.r.o. in the\r\n\t\t\t\t\t\tconstruction of new Alcatel-Lucent telephone exchanges\r\n\t\t\t\t\t\twithin ELTODO a.s. projects, the implementation of a\r\n\t\t\t\t\t\tdata center, and other ICT activities.\r\n\t\t\t\t\t<\/p>\r\n\t\t\t\t\t<h3 class=\"author-name\">Ji\u0159\u00ed Nov\u00e1\u010dek<\/h3>\r\n\t\t\t\t\t<h4 class=\"author-bio\">\r\n\t\t\t\t\t\t<span class=\"item-company\"\r\n\t\t\t\t\t\t\t><p>System Engineer,<\/p>\r\n\t\t\t\t\t\t\tELTODO a.s.\r\n\t\t\t\t\t\t<\/span>\r\n\t\t\t\t\t<\/h4>\r\n\t\t\t\t<\/div>\r\n\t\t\t\t<div class=\"review-item active\">\r\n\t\t\t\t\t<img\r\n\t\t\t\t\t\tsrc=\"\/wp-content\/uploads\/2024\/08\/Logo_Veterina.webp\"\r\n\t\t\t\t\t\talt=\"State Veterinary Administration\"\r\n\t\t\t\t\t\/>\r\n\t\t\t\t\t<p>\r\n\t\t\t\t\t\t&#8220;We have been cooperating with Teles for more than 20\r\n\t\t\t\t\t\tyears. Teles provides us with Alcatel-Lucent\r\n\t\t\t\t\t\ttelecommunications technology. The technicians&#8217; skills\r\n\t\t\t\t\t\tare at a high level. They fulfill given requirements on\r\n\t\t\t\t\t\ttime and respond almost immediately if needed. Teles is\r\n\t\t\t\t\t\tcreative and always strives to meet our requirements\r\n\t\t\t\t\t\twith regard to economic savings and solutions that cover\r\n\t\t\t\t\t\tour demands and needs. We also receive necessary\r\n\t\t\t\t\t\tinformation about the development possibilities of our\r\n\t\t\t\t\t\tsystem. I can only recommend cooperation.&#8221;\r\n\t\t\t\t\t<\/p>\r\n\t\t\t\t\t<h3 class=\"author-name\">Miloslav Jankovsk\u00fd<\/h3>\r\n\t\t\t\t\t<h4 class=\"author-bio\">\r\n\t\t\t\t\t\t<span class=\"item-company\"\r\n\t\t\t\t\t\t\t><p>Head of HS Department,<\/p>\r\n\t\t\t\t\t\t\tSTATE VETERINARY ADMINISTRATION\r\n\t\t\t\t\t\t<\/span>\r\n\t\t\t\t\t<\/h4>\r\n\t\t\t\t<\/div>\r\n\t\t\t\t<div class=\"review-item active\">\r\n\t\t\t\t\t<img\r\n\t\t\t\t\t\tsrc=\"\/wp-content\/uploads\/2024\/08\/Logo_DumUNovaku.webp\"\r\n\t\t\t\t\t\talt=\"U Nov\u00e1k\u016f\"\r\n\t\t\t\t\t\/>\r\n\t\t\t\t\t<p>\r\n\t\t\t\t\t\tWe hereby solemnly declare that we have been cooperating\r\n\t\t\t\t\t\twith TELES s.r.o. for many years, and the cooperation is\r\n\t\t\t\t\t\texcellent. The company provides and ensures all\r\n\t\t\t\t\t\ttelecommunications services and professional service in\r\n\t\t\t\t\t\tour building &#8220;U Nov\u00e1k\u016f&#8221; No. 699, both for the management\r\n\t\t\t\t\t\tof the building &#8220;U Nov\u00e1k\u016f&#8221; and for many other tenants of\r\n\t\t\t\t\t\tresidential and non-residential spaces in our premises.\r\n\t\t\t\t\t\tTheir work is always serious, fast, trouble-free, and at\r\n\t\t\t\t\t\ta professional level.\r\n\t\t\t\t\t<\/p>\r\n\t\t\t\t\t<h3 class=\"author-name\">Tom\u00e1\u0161 \u0160varc<\/h3>\r\n\t\t\t\t\t<h4 class=\"author-bio\">\r\n\t\t\t\t\t\t<span class=\"item-company\"\r\n\t\t\t\t\t\t\t><p>Head of Technical Department,<\/p>\r\n\t\t\t\t\t\t\tBuilding Management &#8220;U Nov\u00e1k\u016f&#8221;\r\n\t\t\t\t\t\t<\/span>\r\n\t\t\t\t\t<\/h4>\r\n\t\t\t\t<\/div>\r\n\t\t\t\t<div class=\"review-item active\">\r\n\t\t\t\t\t<img\r\n\t\t\t\t\t\tsrc=\"\/wp-content\/uploads\/2024\/08\/Logo_eurovia.webp\"\r\n\t\t\t\t\t\talt=\"Eurovia\"\r\n\t\t\t\t\t\/>\r\n\t\t\t\t\t<p>\r\n\t\t\t\t\t\tLong-term cooperation with TELES s.r.o. ensures\r\n\t\t\t\t\t\ttrouble-free operation of our telephone exchange. Any\r\n\t\t\t\t\t\trepairs and work are always performed to the required\r\n\t\t\t\t\t\tquality, within the deadline, and meet technical\r\n\t\t\t\t\t\trequirements. I recommend TELES s.r.o. as a reliable\r\n\t\t\t\t\t\tcontractor.\r\n\t\t\t\t\t<\/p>\r\n\t\t\t\t\t<h3 class=\"author-name\">Ivana Kudrnov\u00e1<\/h3>\r\n\t\t\t\t\t<h4 class=\"author-bio\">\r\n\t\t\t\t\t\t<span class=\"item-company\"\r\n\t\t\t\t\t\t\t><p>Facility Manager,<\/p>\r\n\t\t\t\t\t\t\tEUROVIA Services s.r.o.\r\n\t\t\t\t\t\t<\/span>\r\n\t\t\t\t\t<\/h4>\r\n\t\t\t\t<\/div>\r\n\t\t\t\t<div class=\"review-item active\">\r\n\t\t\t\t\t<img\r\n\t\t\t\t\t\tsrc=\"\/wp-content\/uploads\/2024\/08\/Logo_CeskaFilha.webp\"\r\n\t\t\t\t\t\talt=\"Czech Philharmonic\"\r\n\t\t\t\t\t\/>\r\n\t\t\t\t\t<p>\r\n\t\t\t\t\t\tTeles, s.r.o., has been a long-term supplier of services\r\n\t\t\t\t\t\tand technical equipment for our organization, the Czech\r\n\t\t\t\t\t\tPhilharmonic, located in the Rudolfinum building, in the\r\n\t\t\t\t\t\tfield of fixed telephony.\r\n\t\t\t\t\t<\/p>\r\n\t\t\t\t\t<p>\r\n\t\t\t\t\t\tI would like to highlight, in addition to the high\r\n\t\t\t\t\t\tprofessional qualities and trouble-free cooperation of\r\n\t\t\t\t\t\tall employees, especially the meticulousness, maximum\r\n\t\t\t\t\t\tadaptability in more difficult operational conditions,\r\n\t\t\t\t\t\tand a work-sensitive approach that the Rudolfinum\r\n\t\t\t\t\t\tbuilding, as a state cultural monument, certainly\r\n\t\t\t\t\t\tdeserves.\r\n\t\t\t\t\t<\/p>\r\n\t\t\t\t\t<h3 class=\"author-name\">Leo\u0161 Dr\u00e1bek<\/h3>\r\n\t\t\t\t\t<h4 class=\"author-bio\">\r\n\t\t\t\t\t\t<span class=\"item-company\"\r\n\t\t\t\t\t\t\t><p>Head of Building and Property Management,<\/p>\r\n\t\t\t\t\t\t\tCzech Philharmonic\r\n\t\t\t\t\t\t<\/span>\r\n\t\t\t\t\t<\/h4>\r\n\t\t\t\t<\/div>\r\n\t\t\t\t<div class=\"review-item active\">\r\n\t\t\t\t\t<img\r\n\t\t\t\t\t\tsrc=\"\/wp-content\/uploads\/2024\/08\/Logo_Eltodo.webp\"\r\n\t\t\t\t\t\talt=\"Eltodo\"\r\n\t\t\t\t\t\/>\r\n\t\t\t\t\t<p>\r\n\t\t\t\t\t\tTELES s.r.o. provides complete software and hardware\r\n\t\t\t\t\t\tsupport and upgrades for our telephone exchanges,\r\n\t\t\t\t\t\tincluding consulting and training. We are preparing to\r\n\t\t\t\t\t\texpand our cooperation with Teles s.r.o. in the\r\n\t\t\t\t\t\tconstruction of new Alcatel-Lucent telephone exchanges\r\n\t\t\t\t\t\twithin ELTODO a.s. projects, the implementation of a\r\n\t\t\t\t\t\tdata center, and other ICT activities.\r\n\t\t\t\t\t<\/p>\r\n\t\t\t\t\t<h3 class=\"author-name\">Ji\u0159\u00ed Nov\u00e1\u010dek<\/h3>\r\n\t\t\t\t\t<h4 class=\"author-bio\">\r\n\t\t\t\t\t\t<span class=\"item-company\"\r\n\t\t\t\t\t\t\t><p>System Engineer,<\/p>\r\n\t\t\t\t\t\t\tELTODO a.s.\r\n\t\t\t\t\t\t<\/span>\r\n\t\t\t\t\t<\/h4>\r\n\t\t\t\t<\/div>\r\n\t\t\t\t<div class=\"review-item active\">\r\n\t\t\t\t\t<img\r\n\t\t\t\t\t\tsrc=\"\/wp-content\/uploads\/2024\/08\/Logo_Veterina.webp\"\r\n\t\t\t\t\t\talt=\"State Veterinary Administration\"\r\n\t\t\t\t\t\/>\r\n\t\t\t\t\t<p>\r\n\t\t\t\t\t\t&#8220;We have been cooperating with Teles for more than 20\r\n\t\t\t\t\t\tyears. Teles provides us with Alcatel-Lucent\r\n\t\t\t\t\t\ttelecommunications technology. The technicians&#8217; skills\r\n\t\t\t\t\t\tare at a high level. They fulfill given requirements on\r\n\t\t\t\t\t\ttime and respond almost immediately if needed. Teles is\r\n\t\t\t\t\t\tcreative and always strives to meet our requirements\r\n\t\t\t\t\t\twith regard to economic savings and solutions that cover\r\n\t\t\t\t\t\tour demands and needs. We also receive necessary\r\n\t\t\t\t\t\tinformation about the development possibilities of our\r\n\t\t\t\t\t\tsystem. I can only recommend cooperation.&#8221;\r\n\t\t\t\t\t<\/p>\r\n\t\t\t\t\t<h3 class=\"author-name\">Miloslav Jankovsk\u00fd<\/h3>\r\n\t\t\t\t\t<h4 class=\"author-bio\">\r\n\t\t\t\t\t\t<span class=\"item-company\"\r\n\t\t\t\t\t\t\t><p>Head of HS Department,<\/p>\r\n\t\t\t\t\t\t\tSTATE VETERINARY ADMINISTRATION\r\n\t\t\t\t\t\t<\/span>\r\n\t\t\t\t\t<\/h4>\r\n\t\t\t\t<\/div>\r\n\t\t\t\t<div class=\"review-item active\">\r\n\t\t\t\t\t<img\r\n\t\t\t\t\t\tsrc=\"\/wp-content\/uploads\/2024\/08\/Logo_DumUNovaku.webp\"\r\n\t\t\t\t\t\talt=\"U Nov\u00e1k\u016f\"\r\n\t\t\t\t\t\/>\r\n\t\t\t\t\t<p>\r\n\t\t\t\t\t\tWe hereby solemnly declare that we have been cooperating\r\n\t\t\t\t\t\twith TELES s.r.o. for many years, and the cooperation is\r\n\t\t\t\t\t\texcellent. The company provides and ensures all\r\n\t\t\t\t\t\ttelecommunications services and professional service in\r\n\t\t\t\t\t\tour building &#8220;U Nov\u00e1k\u016f&#8221; No. 699, both for the management\r\n\t\t\t\t\t\tof the building &#8220;U Nov\u00e1k\u016f&#8221; and for many other tenants of\r\n\t\t\t\t\t\tresidential and non-residential spaces in our premises.\r\n\t\t\t\t\t\tTheir work is always serious, fast, trouble-free, and at\r\n\t\t\t\t\t\ta professional level.\r\n\t\t\t\t\t<\/p>\r\n\t\t\t\t\t<h3 class=\"author-name\">Tom\u00e1\u0161 \u0160varc<\/h3>\r\n\t\t\t\t\t<h4 class=\"author-bio\">\r\n\t\t\t\t\t\t<span class=\"item-company\"\r\n\t\t\t\t\t\t\t><p>Head of Technical Department,<\/p>\r\n\t\t\t\t\t\t\tBuilding Management &#8220;U Nov\u00e1k\u016f&#8221;\r\n\t\t\t\t\t\t<\/span>\r\n\t\t\t\t\t<\/h4>\r\n\t\t\t\t<\/div>\r\n\t\t\t<\/div>\r\n\t\t<\/div>\r\n\t\t<img\r\n\t\t\tsrc=\"\/wp-content\/uploads\/2024\/09\/swipe-e1726659741773.webp\"\r\n\t\t\talt=\"swipe\"\r\n\t\t\tclass=\"swipe\"\r\n\t\t\/>\r\n\t<\/div>\r\n<\/div>","protected":false},"excerpt":{"rendered":"About Us The company is an exclusively Czech supplier of telecommunications solutions with more than twenty years of tradition in the field of telecommunications. Since its establishment in 1990, we have been engaged in the supply, installation, and maintenance of telephone exchanges of the ALCATEL-LUCENT brand, for which we are an authorized partner. In recent [&hellip;]","protected":false},"author":2,"featured_media":0,"parent":0,"menu_order":0,"comment_status":"closed","ping_status":"closed","template":"","meta":{"_sitemap_exclude":false,"_sitemap_priority":"","_sitemap_frequency":"","footnotes":""},"class_list":["post-482","page","type-page","status-publish","hentry"],"_links":{"self":[{"href":"https:\/\/www.teles.cz\/en\/wp-json\/wp\/v2\/pages\/482","targetHints":{"allow":["GET"]}}],"collection":[{"href":"https:\/\/www.teles.cz\/en\/wp-json\/wp\/v2\/pages"}],"about":[{"href":"https:\/\/www.teles.cz\/en\/wp-json\/wp\/v2\/types\/page"}],"author":[{"embeddable":true,"href":"https:\/\/www.teles.cz\/en\/wp-json\/wp\/v2\/users\/2"}],"replies":[{"embeddable":true,"href":"https:\/\/www.teles.cz\/en\/wp-json\/wp\/v2\/comments?post=482"}],"version-history":[{"count":12,"href":"https:\/\/www.teles.cz\/en\/wp-json\/wp\/v2\/pages\/482\/revisions"}],"predecessor-version":[{"id":897,"href":"https:\/\/www.teles.cz\/en\/wp-json\/wp\/v2\/pages\/482\/revisions\/897"}],"wp:attachment":[{"href":"https:\/\/www.teles.cz\/en\/wp-json\/wp\/v2\/media?parent=482"}],"curies":[{"name":"wp","href":"https:\/\/api.w.org\/{rel}","templated":true}]}}