{"id":482,"date":"2024-08-09T09:11:48","date_gmt":"2024-08-09T07:11:48","guid":{"rendered":"https:\/\/www.teles.cz\/?page_id=482"},"modified":"2025-03-31T15:02:45","modified_gmt":"2025-03-31T13:02:45","slug":"o-nas","status":"publish","type":"page","link":"https:\/\/www.teles.cz\/sk\/o-nas\/","title":{"rendered":"O N\u00e1s"},"content":{"rendered":"<style>\r\n.section-container-wrapper p{\r\n   text-align: left;\r\n}\r\n.content-wrapper p{\r\n   text-align: center;\r\n}\r\n\r\n@media (max-width: 991px) {\r\n.section-container-wrapper{\r\nwidth: 100%;\r\nborder-radius: 0;\r\nmargin:0;\r\n}\r\n}\r\n@media (max-width:860px){\r\n.section-container-wrapper{\r\nbackground: linear-gradient(to right, #01b1d8, #bed7df);\r\n}\r\n}\r\n<\/style>\r\n\r\n<div class=\"section-container-wrapper\">\r\n<div class=\"border-adjust\">\r\n<h1>O N\u00e1s<\/h1>\r\n<br>\r\n<p>Spolo\u010dnos\u0165 je v\u00fdhradne \u010desk\u00fdm dod\u00e1vate\u013eom telekomunika\u010dn\u00fdch rie\u0161en\u00ed s viac ako dvadsa\u0165ro\u010dnou trad\u00edciou v odbore telekomunik\u00e1ci\u00ed. Od svojho vzniku v roku 1990 sa zaober\u00e1me dod\u00e1vkou, in\u0161tal\u00e1ciou a \u00fadr\u017ebou telef\u00f3nnych \u00fastredn\u00ed zna\u010dky ALCATEL-LUCENT, ktorej sme autorizovan\u00fdm partnerom. V uplynul\u00fdch rokoch sme roz\u0161\u00edrili na\u0161e portf\u00f3lio aj o zna\u010dku telef\u00f3nnych \u00fastredn\u00ed PANASONIC a 3CX.<\/p>\r\n<p>V s\u00fa\u010dasnosti okrem vy\u0161\u0161ie uveden\u00e9ho vykon\u00e1vame dod\u00e1vku a in\u0161tal\u00e1ciu dokumenta\u010dn\u00fdch a z\u00e1znamov\u00fdch zariaden\u00ed, interakt\u00edvnych hlasov\u00fdch syst\u00e9mov (napr. Voice mail, automatick\u00e1 spojovate\u013eka, audiotex) a telekomunika\u010dn\u00fdch zariaden\u00ed (telef\u00f3nne pr\u00edstroje, audiokonferen\u010dn\u00e9 a videokonferen\u010dn\u00e9 zariadenia, n\u00e1hlavn\u00e9 s\u00fapravy, dverov\u00e9 syst\u00e9my, faxov\u00e9 pr\u00edstroje, GSM\/UMTS br\u00e1ny). \u010ealej vykon\u00e1vame dod\u00e1vku, mont\u00e1\u017e, \u00fapravy a opravy telef\u00f3nnych rozvodov a po\u010d\u00edta\u010dov\u00fdch siet\u00ed, in\u0161tal\u00e1ciu \u0161trukt\u00farovanej kabel\u00e1\u017ee, dod\u00e1vku a \u00fadr\u017ebu bezpe\u010dnostn\u00fdch syst\u00e9mov EZS a EPS.<\/p>\r\n<p>Zabezpe\u010dujeme aj poz\u00e1ru\u010dn\u00fd servis telekomunika\u010dn\u00fdch zariaden\u00ed. Na\u0161\u00edm z\u00e1kazn\u00edkom pon\u00fakame servisn\u00fa zmluvu na \u00fadr\u017ebu telekomunika\u010dn\u00fdch zariaden\u00ed a technick\u00fa podporu ku v\u0161etk\u00fdm nami pon\u00fakan\u00fdm zariadeniam. \u00dazko spolupracujeme s v\u00fdrobcami popredn\u00fdch zna\u010diek v odbore telekomunik\u00e1ci\u00ed ako s\u00fa Alphatech, 2N, Concorde, Plantronics, Polycom, Siemens alebo Well.<\/p>\r\n<p>To, \u010do telekomunika\u010dn\u00e9mu trhu chceme pon\u00faknu\u0165, s\u00fa schopn\u00ed a pracovit\u00ed zamestnanci, ktor\u00fdch cie\u013eom je pon\u00faknu\u0165 tak\u00e9 komunika\u010dn\u00e9 rie\u0161enie, ktor\u00e9 vedie k splneniu po\u017eiadaviek, a to ako po technickej, tak aj po cenovej str\u00e1nke. Sme schopn\u00ed vytvori\u0165 cenovo ve\u013emi efekt\u00edvny syst\u00e9m s vysokou \u00fa\u017eitkovou hodnotou pri n\u00edzkych n\u00e1kladoch na realiz\u00e1ciu.<\/p>\r\n<p>Na\u0161e spektrum z\u00e1kazn\u00edkov je doteraz ve\u013emi \u0161irok\u00e9: s\u00fa to n\u00e1ro\u010dnej\u0161\u00ed z\u00e1kazn\u00edci z oblasti telekomunika\u010dn\u00e9ho priemyslu, ale aj business centr\u00e1, mnohopodla\u017en\u00e9 kancel\u00e1rske budovy, ve\u013ek\u00e9, stredn\u00e9 aj mal\u00e9 firmy, \u017eivnostn\u00edci, be\u017en\u00ed pou\u017e\u00edvatelia aj \u0161t\u00e1tne organiz\u00e1cie. Bu\u010fte \u010fal\u0161\u00edm z\u00e1kazn\u00edkom pr\u00e1ve Vy!<\/p>\r\n<br>\r\n<h3>Te\u0161\u00edme sa na spolupr\u00e1cu!<\/h3>\r\n<br>\r\n<div class=\"content-wrapper\">\r\n                <div class=\"scrolling-wrapper\">\r\n                    <div class=\"review-item active\">\r\n                        <img decoding=\"async\" src=\"\/wp-content\/uploads\/2024\/08\/Logo_eurovia.webp\" alt=\"Eurovia\" \/><p>Dlhoro\u010dn\u00e1 spolupr\u00e1ca s firmou TELES s.r.o. n\u00e1m zaru\u010duje bezprobl\u00e9mov\u00e9 prev\u00e1dzkovanie tel. \u00fastredne. Pr\u00edpadn\u00e9 opravy a pr\u00e1ce s\u00fa v\u017edy vykonan\u00e9 v po\u017eadovanej kvalite, term\u00edne a zodpovedaj\u00fa technick\u00fdm po\u017eiadavk\u00e1m. TELES s.r.o. odpor\u00fa\u010dam ako spo\u013eahliv\u00e9ho zhotovite\u013ea.<\/p>\r\n                        <h3 class=\"author-name\">Ivana Kudrnov\u00e1<\/h3>\r\n                        <h4 class=\"author-bio\"><span class=\"item-company\"><p>Spr\u00e1vca objektu,<\/p> EUROVIA Services s.r.o. <\/span><\/h4>\r\n                    <\/div>\r\n                    <div class=\"review-item active\">\r\n                        <img decoding=\"async\" src=\"\/wp-content\/uploads\/2024\/08\/Logo_CeskaFilha.webp\" alt=\"\u010cesk\u00e1 filharm\u00f3nia\" \/><p>Spolo\u010dnos\u0165 Teles, s.r.o., je dlhoro\u010dn\u00fdm dod\u00e1vate\u013eom slu\u017eieb a technick\u00e9ho vybavenia pre na\u0161u organiz\u00e1ciu \u010cesk\u00e1 filharm\u00f3nia, s\u00eddliacu v budove Rudolfinum, a to v oblasti pevnej telef\u00f3nie.<\/p>\r\n                        <p>U tejto spolo\u010dnosti by som chcel vyzdvihn\u00fa\u0165 okrem vysok\u00fdch profesion\u00e1lnych kval\u00edt a bezprobl\u00e9mov\u00e9ho jednania v\u0161etk\u00fdch zamestnancov predov\u0161etk\u00fdm d\u00f4slednos\u0165, maxim\u00e1lnu prisp\u00f4sobivos\u0165 v n\u00e1ro\u010dnej\u0161\u00edch prev\u00e1dzkov\u00fdch podmienkach a pracovne citliv\u00fd pr\u00edstup, ktor\u00fd si budova Rudolfinum ako \u0161t\u00e1tna kult\u00farna pamiatka ur\u010dite zasl\u00fa\u017ei.<\/p>\r\n                        <h3 class=\"author-name\">Leo\u0161 Dr\u00e1bek<\/h3>\r\n                        <h4 class=\"author-bio\"><span class=\"item-company\"><p>Ved\u00faci spr\u00e1vy budovy a majetku,<\/p> \u010cesk\u00e1 filharm\u00f3nia <\/span><\/h4>\r\n                    <\/div>\r\n                    <div class=\"review-item active\">\r\n                        <img decoding=\"async\" src=\"\/wp-content\/uploads\/2024\/08\/Logo_Eltodo.webp\" alt=\"Eltodo\" \/><p>Firma TELES s.r.o. zabezpe\u010duje kompletn\u00fa softv\u00e9rov\u00fa, hardv\u00e9rov\u00fa podporu a upgrade na\u0161ich telef\u00f3nnych \u00fastredn\u00ed vr\u00e1tane poradenstva a \u0161kolenia. Pripravujeme roz\u0161\u00edrenie spolupr\u00e1ce s firmou Teles s.r.o. pri v\u00fdstavbe nov\u00fdch telef\u00f3nnych \u00fastredn\u00ed Alcatel-Lucent v r\u00e1mci projektov ELTODO a.s., realiz\u00e1cii d\u00e1tov\u00e9ho centra a \u010fal\u0161\u00edch aktiv\u00edt v oblasti ICT.<\/p>\r\n                        <h3 class=\"author-name\">Ji\u0159\u00ed Nov\u00e1\u010dek<\/h3>\r\n                        <h4 class=\"author-bio\"><span class=\"item-company\"><p>Syst\u00e9mov\u00fd in\u017einier,<\/p> ELTODO a.s. <\/span><\/h4>\r\n                    <\/div>\r\n                    <div class=\"review-item active\">\r\n                        <img decoding=\"async\" src=\"\/wp-content\/uploads\/2024\/08\/Logo_Veterina.webp\" alt=\"\u0160t\u00e1tna veterin\u00e1rna spr\u00e1va\" \/><p>\u201eSo spolo\u010dnos\u0165ou Teles spolupracujeme viac ako 20 rokov. Spolo\u010dnos\u0165 Teles pre n\u00e1s rie\u0161i telekomunika\u010dn\u00fa techniku Alcatel-Lucent. Schopnosti technikov s\u00fa na vysokej \u00farovni. Dan\u00e9 po\u017eiadavky plnia v term\u00edne a v pr\u00edpade potreby reaguj\u00fa takmer okam\u017eite. Spolo\u010dnos\u0165 Teles je kreat\u00edvna a v\u017edy sa sna\u017e\u00ed rie\u0161i\u0165 na\u0161e po\u017eiadavky s prihliadnut\u00edm na ekonomick\u00fa \u00fasporu a s rie\u0161en\u00edm, ktor\u00e9 pokr\u00fdva na\u0161e n\u00e1roky a potreby. Dost\u00e1va sa n\u00e1m aj potrebn\u00fdch inform\u00e1ci\u00ed o mo\u017enostiach rozvoja n\u00e1\u0161ho syst\u00e9mu. Spolupr\u00e1cu m\u00f4\u017eem len a len odporu\u010di\u0165.\u201c<\/p>\r\n                        <h3 class=\"author-name\">Miloslav Jankovsk\u00fd<\/h3>\r\n                        <h4 class=\"author-bio\"><span class=\"item-company\"><p>Ved\u00faci oddelenia HS,<\/p> \u0160T\u00c1TNA VETERIN\u00c1RNA SPR\u00c1VA <\/span><\/h4>\r\n                    <\/div>\r\n                    <div class=\"review-item active\">\r\n                        <img decoding=\"async\" src=\"\/wp-content\/uploads\/2024\/08\/Logo_DumUNovaku.webp\" alt=\"U Nov\u00e1kov\" \/><p>T\u00fdmto \u010destne vyhlasujeme, \u017ee so spolo\u010dnos\u0165ou TELES s.r.o. spolupracujeme u\u017e rad rokov a je s \u0148ou ve\u013emi dobr\u00e1 spolupr\u00e1ca. Firma n\u00e1m poskytuje a zabezpe\u010duje v\u0161etky telekomunika\u010dn\u00e9 slu\u017eby a odborn\u00fd servis v na\u0161om dome \u201cU Nov\u00e1kov\u201c \u010d. p. 699. Jednak pre spr\u00e1vu domu \u201cU Nov\u00e1kov\u201c, ale aj pre rad \u010fal\u0161\u00edch n\u00e1jomcov bytov\u00fdch aj nebytov\u00fdch priestorov v na\u0161om objekte. Ich pr\u00e1ca je v\u017edy seri\u00f3zna, r\u00fdchla, bezprobl\u00e9mov\u00e1 a na profesion\u00e1lnej \u00farovni.<\/p>\r\n                        <h3 class=\"author-name\">Tom\u00e1\u0161 \u0160varc<\/h3>\r\n                        <h4 class=\"author-bio\"><span class=\"item-company\"><p>Ved\u00faci technick\u00e9ho oddelenia,<\/p> Spr\u00e1va domu \u201cU Nov\u00e1kov\u201c <\/span><\/h4>\r\n                    <\/div>\r\n                    <div class=\"review-item active\">\r\n                        <img decoding=\"async\" src=\"\/wp-content\/uploads\/2024\/08\/Logo_eurovia.webp\" alt=\"Eurovia\" \/><p>Dlhoro\u010dn\u00e1 spolupr\u00e1ca s firmou TELES s.r.o. n\u00e1m zaru\u010duje bezprobl\u00e9mov\u00e9 prev\u00e1dzkovanie tel. \u00fastredne. Pr\u00edpadn\u00e9 opravy a pr\u00e1ce s\u00fa v\u017edy vykonan\u00e9 v po\u017eadovanej kvalite, term\u00edne a zodpovedaj\u00fa technick\u00fdm po\u017eiadavk\u00e1m. TELES s.r.o. odpor\u00fa\u010dam ako spo\u013eahliv\u00e9ho zhotovite\u013ea.<\/p>\r\n                        <h3 class=\"author-name\">Ivana Kudrnov\u00e1<\/h3>\r\n                        <h4 class=\"author-bio\"><span class=\"item-company\"><p>Spr\u00e1vca objektu,<\/p> EUROVIA Services s.r.o. <\/span><\/h4>\r\n                    <\/div>\r\n                    <div class=\"review-item active\">\r\n                        <img decoding=\"async\" src=\"\/wp-content\/uploads\/2024\/08\/Logo_CeskaFilha.webp\" alt=\"\u010cesk\u00e1 filharm\u00f3nia\" \/><p>Spolo\u010dnos\u0165 Teles, s.r.o., je dlhoro\u010dn\u00fdm dod\u00e1vate\u013eom slu\u017eieb a technick\u00e9ho vybavenia pre na\u0161u organiz\u00e1ciu \u010cesk\u00e1 filharm\u00f3nia, s\u00eddliacu v budove Rudolfinum, a to v oblasti pevnej telef\u00f3nie.<\/p>\r\n                        <p>U tejto spolo\u010dnosti by som chcel vyzdvihn\u00fa\u0165 okrem vysok\u00fdch profesion\u00e1lnych kval\u00edt a bezprobl\u00e9mov\u00e9ho jednania v\u0161etk\u00fdch zamestnancov predov\u0161etk\u00fdm d\u00f4slednos\u0165, maxim\u00e1lnu prisp\u00f4sobivos\u0165 v n\u00e1ro\u010dnej\u0161\u00edch prev\u00e1dzkov\u00fdch podmienkach a pracovne citliv\u00fd pr\u00edstup, ktor\u00fd si budova Rudolfinum ako \u0161t\u00e1tna kult\u00farna pamiatka ur\u010dite zasl\u00fa\u017ei.<\/p>\r\n                        <h3 class=\"author-name\">Leo\u0161 Dr\u00e1bek<\/h3>\r\n                        <h4 class=\"author-bio\"><span class=\"item-company\"><p>Ved\u00faci spr\u00e1vy budovy a majetku,<\/p> \u010cesk\u00e1 filharm\u00f3nia <\/span><\/h4>\r\n                    <\/div>\r\n                    <div class=\"review-item active\">\r\n                        <img decoding=\"async\" src=\"\/wp-content\/uploads\/2024\/08\/Logo_Eltodo.webp\" alt=\"Eltodo\" \/><p>Firma TELES s.r.o. zabezpe\u010duje kompletn\u00fa softv\u00e9rov\u00fa, hardv\u00e9rov\u00fa podporu a upgrade na\u0161ich telef\u00f3nnych \u00fastredn\u00ed vr\u00e1tane poradenstva a \u0161kolenia. Pripravujeme roz\u0161\u00edrenie spolupr\u00e1ce s firmou Teles s.r.o. pri v\u00fdstavbe nov\u00fdch telef\u00f3nnych \u00fastredn\u00ed Alcatel-Lucent v r\u00e1mci projektov ELTODO a.s., realiz\u00e1cii d\u00e1tov\u00e9ho centra a \u010fal\u0161\u00edch aktiv\u00edt v oblasti ICT.<\/p>\r\n                        <h3 class=\"author-name\">Ji\u0159\u00ed Nov\u00e1\u010dek<\/h3>\r\n                        <h4 class=\"author-bio\"><span class=\"item-company\"><p>Syst\u00e9mov\u00fd in\u017einier,<\/p> ELTODO a.s. <\/span><\/h4>\r\n                    <\/div>\r\n                    <div class=\"review-item active\">\r\n                        <img decoding=\"async\" src=\"\/wp-content\/uploads\/2024\/08\/Logo_Veterina.webp\" alt=\"\u0160t\u00e1tna veterin\u00e1rna spr\u00e1va\" \/><p>\u201eSo spolo\u010dnos\u0165ou Teles spolupracujeme viac ako 20 rokov. Spolo\u010dnos\u0165 Teles pre n\u00e1s rie\u0161i telekomunika\u010dn\u00fa techniku Alcatel-Lucent. Schopnosti technikov s\u00fa na vysokej \u00farovni. Dan\u00e9 po\u017eiadavky plnia v term\u00edne a v pr\u00edpade potreby reaguj\u00fa takmer okam\u017eite. Spolo\u010dnos\u0165 Teles je kreat\u00edvna a v\u017edy sa sna\u017e\u00ed rie\u0161i\u0165 na\u0161e po\u017eiadavky s prihliadnut\u00edm na ekonomick\u00fa \u00fasporu a s rie\u0161en\u00edm, ktor\u00e9 pokr\u00fdva na\u0161e n\u00e1roky a potreby. Dost\u00e1va sa n\u00e1m aj potrebn\u00fdch inform\u00e1ci\u00ed o mo\u017enostiach rozvoja n\u00e1\u0161ho syst\u00e9mu. Spolupr\u00e1cu m\u00f4\u017eem len a len odporu\u010di\u0165.\u201c<\/p>\r\n                        <h3 class=\"author-name\">Miloslav Jankovsk\u00fd<\/h3>\r\n                        <h4 class=\"author-bio\"><span class=\"item-company\"><p>Ved\u00faci oddelenia HS,<\/p> \u0160T\u00c1TNA VETERIN\u00c1RNA SPR\u00c1VA <\/span><\/h4>\r\n                    <\/div>\r\n                    <div class=\"review-item active\">\r\n                        <img decoding=\"async\" src=\"\/wp-content\/uploads\/2024\/08\/Logo_DumUNovaku.webp\" alt=\"U Nov\u00e1kov\" \/><p>T\u00fdmto \u010destne vyhlasujeme, \u017ee so spolo\u010dnos\u0165ou TELES s.r.o. spolupracujeme u\u017e rad rokov a je s \u0148ou ve\u013emi dobr\u00e1 spolupr\u00e1ca. Firma n\u00e1m poskytuje a zabezpe\u010duje v\u0161etky telekomunika\u010dn\u00e9 slu\u017eby a odborn\u00fd servis v na\u0161om dome \u201cU Nov\u00e1kov\u201c \u010d. p. 699. Jednak pre spr\u00e1vu domu \u201cU Nov\u00e1kov\u201c, ale aj pre rad \u010fal\u0161\u00edch n\u00e1jomcov bytov\u00fdch aj nebytov\u00fdch priestorov v na\u0161om objekte. Ich pr\u00e1ca je v\u017edy seri\u00f3zna, r\u00fdchla, bezprobl\u00e9mov\u00e1 a na profesion\u00e1lnej \u00farovni.<\/p>\r\n                        <h3 class=\"author-name\">Tom\u00e1\u0161 \u0160varc<\/h3>\r\n                        <h4 class=\"author-bio\"><span class=\"item-company\"><p>Ved\u00faci technick\u00e9ho oddelenia,<\/p> Spr\u00e1va domu \u201cU Nov\u00e1kov\u201c <\/span><\/h4>\r\n                    <\/div>\r\n                <\/div>\r\n            <\/div>\r\n        <\/div>\r\n        <img decoding=\"async\" src=\"\/wp-content\/uploads\/2024\/09\/swipe-e1726659741773.webp\" alt=\"swipe\" class=\"swipe\">\r\n    <\/div>\r\n<\/div>","protected":false},"excerpt":{"rendered":"O N\u00e1s Spolo\u010dnos\u0165 je v\u00fdhradne \u010desk\u00fdm dod\u00e1vate\u013eom telekomunika\u010dn\u00fdch rie\u0161en\u00ed s viac ako dvadsa\u0165ro\u010dnou trad\u00edciou v odbore telekomunik\u00e1ci\u00ed. Od svojho vzniku v roku 1990 sa zaober\u00e1me dod\u00e1vkou, in\u0161tal\u00e1ciou a \u00fadr\u017ebou telef\u00f3nnych \u00fastredn\u00ed zna\u010dky ALCATEL-LUCENT, ktorej sme autorizovan\u00fdm partnerom. V uplynul\u00fdch rokoch sme roz\u0161\u00edrili na\u0161e portf\u00f3lio aj o zna\u010dku telef\u00f3nnych \u00fastredn\u00ed PANASONIC a 3CX. V s\u00fa\u010dasnosti okrem [&hellip;]","protected":false},"author":2,"featured_media":0,"parent":0,"menu_order":0,"comment_status":"closed","ping_status":"closed","template":"","meta":{"_sitemap_exclude":false,"_sitemap_priority":"","_sitemap_frequency":"","footnotes":""},"class_list":["post-482","page","type-page","status-publish","hentry"],"_links":{"self":[{"href":"https:\/\/www.teles.cz\/sk\/wp-json\/wp\/v2\/pages\/482","targetHints":{"allow":["GET"]}}],"collection":[{"href":"https:\/\/www.teles.cz\/sk\/wp-json\/wp\/v2\/pages"}],"about":[{"href":"https:\/\/www.teles.cz\/sk\/wp-json\/wp\/v2\/types\/page"}],"author":[{"embeddable":true,"href":"https:\/\/www.teles.cz\/sk\/wp-json\/wp\/v2\/users\/2"}],"replies":[{"embeddable":true,"href":"https:\/\/www.teles.cz\/sk\/wp-json\/wp\/v2\/comments?post=482"}],"version-history":[{"count":12,"href":"https:\/\/www.teles.cz\/sk\/wp-json\/wp\/v2\/pages\/482\/revisions"}],"predecessor-version":[{"id":897,"href":"https:\/\/www.teles.cz\/sk\/wp-json\/wp\/v2\/pages\/482\/revisions\/897"}],"wp:attachment":[{"href":"https:\/\/www.teles.cz\/sk\/wp-json\/wp\/v2\/media?parent=482"}],"curies":[{"name":"wp","href":"https:\/\/api.w.org\/{rel}","templated":true}]}}