{"id":909,"date":"2025-04-01T11:10:26","date_gmt":"2025-04-01T09:10:26","guid":{"rendered":"https:\/\/www.teles.cz\/?page_id=909"},"modified":"2025-04-08T15:15:49","modified_gmt":"2025-04-08T13:15:49","slug":"3cx","status":"publish","type":"page","link":"https:\/\/www.teles.cz\/sk\/3cx\/","title":{"rendered":"3CX"},"content":{"rendered":"<style>\r\n  * h3, h2, h1, p{\r\n    color: #00272f;\r\n  }\r\n<\/style>\r\n\r\n<section class=\"carousel\">\r\n  <div class=\"carousel__viewport\">\r\n    <!-- Sn\u00edmka 1 -->\r\n    <div class=\"carousel__slide\">\r\n      <img decoding=\"async\" src=\"https:\/\/www.3cx.com\/wp-content\/uploads\/2024\/12\/v2home3.jpg\" alt=\"Telef\u00f3nny syst\u00e9m 3CX\">\r\n      <div class=\"slide-content\">\r\n        <div class=\"slide-pretitle\">TELEF\u00d3NNY SYST\u00c9M | VIDEO | CHAT<\/div>\r\n        <h2 class=\"slide-title\">Modern\u00fd firemn\u00fd telef\u00f3nny syst\u00e9m<\/h2>\r\n        <p class=\"slide-description\">Komplexn\u00e9 rie\u0161enie pre hovory, videokonferencie a t\u00edmov\u00fa komunik\u00e1ciu bez poplatkov za pou\u017e\u00edvate\u013ea.<\/p>\r\n        <a href=\"https:\/\/www.3cx.com\/phone-system\/download-phone-system\/?resellerId=228792\" rel=\"nofollow\" target=\"_blank\" class=\"slide-button-link\">\r\n          <button class=\"slide-button\">Vysk\u00fa\u0161a\u0165 zadarmo<\/button>\r\n        <\/a>\r\n      <\/div>\r\n    <\/div>\r\n    \r\n    <!-- Sn\u00edmka 2 -->\r\n    <div class=\"carousel__slide\">\r\n      <img decoding=\"async\" src=\"https:\/\/www.3cx.com\/wp-content\/uploads\/2024\/12\/callreportnew.jpg\" alt=\"Call Centrum\">\r\n      <div class=\"slide-content\">\r\n        <div class=\"slide-pretitle\">CALL CENTRUM | ANAL\u00ddZA<\/div>\r\n        <h2 class=\"slide-title\">Profesion\u00e1lne rie\u0161enie pre call centr\u00e1<\/h2>\r\n        <p class=\"slide-description\">Pokro\u010dil\u00e9 smerovanie hovorov, reportovanie a anal\u00fdzy pre v\u00e1\u0161 z\u00e1kazn\u00edcky servis.<\/p>\r\n        <!--<a href=\"https:\/\/www.3cx.com\/call-center\/?resellerId=228792\" rel=\"nofollow\" target=\"_blank\" class=\"slide-button-link\">\r\n          <button class=\"slide-button\">Funkcie Call Centra<\/button>\r\n        <\/a>-->\r\n      <\/div>\r\n    <\/div>\r\n    \r\n    <!-- Sn\u00edmka 3 -->\r\n    <div class=\"carousel__slide\">\r\n      <img decoding=\"async\" src=\"https:\/\/www.3cx.com\/wp-content\/uploads\/2024\/12\/hostedpbxnew.jpg\" alt=\"Cloudov\u00e1 \u00fastred\u0148a\">\r\n      <div class=\"slide-content\">\r\n        <div class=\"slide-pretitle\">CLOUD PBX | ON-PREMISE<\/div>\r\n        <h2 class=\"slide-title\">Flexibiln\u00e9 mo\u017enosti nasadenia<\/h2>\r\n        <p class=\"slide-description\">Hostovanie v cloude alebo na vlastn\u00fdch serveroch. Podnikov\u00e1 spo\u013eahlivos\u0165.<\/p>\r\n        <!--<a href=\"https:\/\/www.3cx.com\/phone-system\/?resellerId=228792\" rel=\"nofollow\" target=\"_blank\" class=\"slide-button-link\">\r\n          <button class=\"slide-button\">Podrobnosti o syst\u00e9me<\/button>\r\n        <\/a>-->\r\n      <\/div>\r\n    <\/div>\r\n    \r\n    <!-- Sn\u00edmka 4 -->\r\n    <div class=\"carousel__slide\">\r\n      <img decoding=\"async\" src=\"https:\/\/www.3cx.com\/wp-content\/uploads\/2025\/02\/ncrmintegration.png\" alt=\"CRM integr\u00e1cia\">\r\n      <div class=\"slide-content\">\r\n        <div class=\"slide-pretitle\">INTEGR\u00c1CIA | CRM<\/div>\r\n        <h2 class=\"slide-title\">Bezprobl\u00e9mov\u00e1 integr\u00e1cia CRM<\/h2>\r\n        <p class=\"slide-description\">Spojte sa s va\u0161\u00edm CRM syst\u00e9mom pre lep\u0161iu spr\u00e1vu z\u00e1kazn\u00edkov.<\/p>\r\n        <!--<a href=\"https:\/\/www.3cx.com\/call-center\/crm-integration\/?resellerId=228792\" rel=\"nofollow\" target=\"_blank\" class=\"slide-button-link\">\r\n          <button class=\"slide-button\">Zobrazi\u0165 integr\u00e1cie<\/button>\r\n        <\/a>-->\r\n      <\/div>\r\n    <\/div>\r\n    \r\n    <!-- Duplicitn\u00e1 sn\u00edmka 1 -->\r\n    <div class=\"carousel__slide\">\r\n      <img decoding=\"async\" src=\"https:\/\/www.3cx.com\/wp-content\/uploads\/2024\/12\/v2home3.jpg\" alt=\"Telef\u00f3nny syst\u00e9m 3CX\">\r\n      <div class=\"slide-content\">\r\n        <div class=\"slide-pretitle\">TELEF\u00d3NNY SYST\u00c9M | VIDEO | CHAT<\/div>\r\n        <h2 class=\"slide-title\">Modern\u00fd firemn\u00fd telef\u00f3nny syst\u00e9m<\/h2>\r\n        <p class=\"slide-description\">Komplexn\u00e9 rie\u0161enie pre hovory, videokonferencie a t\u00edmov\u00fa komunik\u00e1ciu bez poplatkov za pou\u017e\u00edvate\u013ea.<\/p>\r\n        <a href=\"https:\/\/www.3cx.com\/phone-system\/download-phone-system\/?resellerId=228792\" rel=\"nofollow\" target=\"_blank\" class=\"slide-button-link\">\r\n          <button class=\"slide-button\">Vysk\u00fa\u0161a\u0165 zadarmo<\/button>\r\n        <\/a>\r\n      <\/div>\r\n    <\/div>\r\n  <\/div>\r\n  \r\n  <div class=\"carousel__navigation\">\r\n    <div class=\"carousel__navigation-button\"><\/div>\r\n    <div class=\"carousel__navigation-button\"><\/div>\r\n    <div class=\"carousel__navigation-button\"><\/div>\r\n    <div class=\"carousel__navigation-button\"><\/div>\r\n  <\/div>\r\n<\/section>\r\n\r\n<div class=\"column_background\">\r\n  <div class=\"column_container\">\r\n    <div class=\"column\">\r\n      <div class=\"app_3cx\">\r\n        <img decoding=\"async\" src=\"https:\/\/www.3cx.com\/wp-content\/uploads\/2022\/10\/homepage-slider-image.png\" alt=\"3cx aplik\u00e1cia\" \/><\/div>\r\n      <div class=\"textbox\">\r\n        <h1>Komunikujte so z\u00e1kazn\u00edkmi<\/h1>\r\n        <p>Premen\u00edte n\u00e1v\u0161tevn\u00edkov na potenci\u00e1lnych z\u00e1kazn\u00edkov<\/p>\r\n        <p>Pov\u00fd\u0161te chaty na hovory alebo videohovory<\/p>\r\n        <p>Vylep\u0161ite z\u00e1kazn\u00edcku sk\u00fasenos\u0165<\/p>\r\n      <\/div>\r\n    <\/div>\r\n    <div class=\"column\">\r\n      <div class=\"call_3cx\"><img decoding=\"async\" src=\"https:\/\/www.3cx.com\/wp-content\/uploads\/2021\/08\/video-conference-call.png\" alt=\"3cx hovor\" \/><\/div>\r\n      <div class=\"textbox\">\r\n        <h1>T\u00edmov\u00e9 videokonferencie<\/h1>\r\n        <p>Bez zbyto\u010dn\u00fdch aplik\u00e1ci\u00ed na videokonferencie<\/p>\r\n        <p>N\u00e1stroje na prezent\u00e1ciu a vzdialen\u00fa pomoc<\/p>\r\n        <p>Jednoduch\u00e9 zdie\u013eanie dokumentov, chat a hlasovanie<\/p>\r\n      <\/div>\r\n    <\/div>\r\n  <\/div>\r\n<\/div>\r\n<div class=\"full-width-boxes\">\r\n  <div class=\"full-width-box-wrapper\">\r\n    <div class=\"full-width-box\">\r\n      <h2>3CX je dostupn\u00e1 telef\u00f3nna \u00fastred\u0148a, ktor\u00e1 sa prisp\u00f4sob\u00ed rozsahu va\u0161ej \u010dinnosti<\/h2>\r\n      <div class=\"container-x1\">\r\n        <div class=\"content\">\r\n          <p>\u017diadne mesa\u010dn\u00e9 poplatky, jedna n\u00edzka ro\u010dn\u00e1 platba pod\u013ea ve\u013ekosti.<\/p>\r\n          <p>Vlastn\u00fd SIP trunk, kontrola nad \u010d\u00edslami a ni\u017e\u0161ie platby za hovory.<\/p>\r\n          <p>Nepla\u0165te za to, \u010do nepotrebujete, pridanie \u010fal\u0161\u00edch pou\u017e\u00edvate\u013eov je \u00faplne zadarmo.<\/p>\r\n          <p>U\u0161etrite peniaze a pripojte svoje existuj\u00face IP telef\u00f3ny.<\/p>\r\n          <p>Jednoduch\u00e1 spr\u00e1va, automatick\u00e9 aktualiz\u00e1cie a z\u00e1lohy.<\/p>\r\n        <\/div>\r\n        <div class=\"money_pic\"><img decoding=\"async\" src=\"https:\/\/www.3cx.com\/wp-content\/uploads\/2022\/04\/cost_effective.png\" alt=\"peniaze\" \/><\/div>\r\n      <\/div>\r\n    <\/div>\r\n  <\/div>\r\n  <div class=\"full-width-box-2-wrapper\">\r\n    <div class=\"full-width-box-2\">\r\n      <h2>Roz\u0161\u00edrte svoju komunik\u00e1ciu o live chat a soci\u00e1lne siete<\/h2>\r\n      <div class=\"container-x2\">\r\n        <div class=\"chat_pic\"><img decoding=\"async\" src=\"https:\/\/www.3cx.com\/wp-content\/uploads\/2022\/09\/live-chat-whatsapp.png\" alt=\"chat\" \/><\/div>\r\n        <div class=\"content2\">\r\n          <p>Zapojte n\u00e1v\u0161tevn\u00edkov webu do konverz\u00e1ci\u00ed pomocou live chatu.<\/p>\r\n          <p>Spr\u00edstupnite z\u00e1kazn\u00edkom volanie zadarmo z va\u0161ich webov\u00fdch str\u00e1nok.<\/p>\r\n          <p>Odpovedajte na pracovn\u00e9 spr\u00e1vy WhatsApp ako t\u00edm.<\/p>\r\n          <p>Posielajte z\u00e1kazn\u00edkom upomienky alebo novinky prostredn\u00edctvom SMS.<\/p>\r\n          <p>Integrujte svoje CRM, aby ste vedeli, s k\u00fdm chatujete alebo hovor\u00edte.<\/p>\r\n        <\/div>\r\n      <\/div>\r\n    <\/div>\r\n  <\/div>\r\n  <div class=\"full-width-box-wrapper\">\r\n    <div class=\"full-width-box-1\">\r\n      <h2>Majte pri sebe pracovn\u00fd telef\u00f3n, nech ste kdeko\u013evek<\/h2>\r\n      <div class=\"container-x1\">\r\n        <div class=\"content\">\r\n          <p>Vyu\u017eite \u010d\u00edslo kancel\u00e1rie na prij\u00edmanie hovorov na svojom smartf\u00f3ne.<\/p>\r\n          <p>Aplik\u00e1cie pre iOS\/Android prep\u00e1jaj\u00fa t\u00edm pomocou hovorov, videa alebo chatu.<\/p>\r\n          <p>Obsahuje webov\u00e9ho klienta a po\u010d\u00edta\u010dov\u00fa aplik\u00e1ciu.<\/p>\r\n          <p>Aktualizujte svoj status, \u010di ste k dispoz\u00edcii alebo na dovolenke.<\/p>\r\n          <p>Spravujte syst\u00e9m a pou\u017e\u00edvate\u013eov na dia\u013eku odkia\u013eko\u013evek.<\/p>\r\n        <\/div>\r\n        <div class=\"phone_pic\"><img decoding=\"async\" src=\"https:\/\/www.teles.cz\/wp-content\/uploads\/2021\/05\/Android-iPhone-202x300.png\" alt=\"telef\u00f3n\" \/><\/div>\r\n      <\/div>\r\n    <\/div>\r\n  <\/div>\r\n  <div class=\"full-width-box-2-wrapper\">\r\n    <div class=\"signup-banner\">\r\n      <div class=\"signup-content\">\r\n        <h2>Vysk\u00fa\u0161ajte 3CX zadarmo e\u0161te dnes<\/h2>\r\n        <p>Za\u010dnite pou\u017e\u00edva\u0165 profesion\u00e1lny telef\u00f3nny syst\u00e9m u\u017e za p\u00e1r min\u00fat<\/p>\r\n        <a href=\"https:\/\/www.3cx.com\/phone-system\/download-phone-system\/?resellerId=228792\" rel=\"nofollow\" target=\"_blank\" class=\"signup-button\">\r\n          Vysk\u00fa\u0161a\u0165\r\n        <\/a>\r\n      <\/div>\r\n    <\/div>\r\n  <\/div>\r\n<\/div>\r\n\r\n<script>\r\ndocument.addEventListener(\"DOMContentLoaded\", function () {\r\n    const viewport = document.querySelector(\".carousel__viewport\");\r\n    const slides = document.querySelectorAll(\".carousel__slide\");\r\n    const navButtons = document.querySelectorAll(\".carousel__navigation-button\");\r\n    let index = 0;\r\n    let interval = null; \/\/ Initialize as null\r\n    let touchStartX = 0;\r\n    let touchEndX = 0;\r\n    let isDragging = false;\r\n    let currentTranslate = 0;\r\n    let prevTranslate = 0;\r\n    let animationID;\r\n    const threshold = 50;\r\n    const slideWidth = viewport.offsetWidth; \/\/ Get actual slide width\r\n\r\n    \/\/ Disable default touch actions\r\n    viewport.style.touchAction = 'none';\r\n\r\n    function updateCarousel() {\r\n        viewport.style.transform = `translateX(-${index * 100}%)`;\r\n        navButtons.forEach((btn, i) => {\r\n            btn.classList.toggle(\"active\", i === index % (slides.length - 1));\r\n        });\r\n    }\r\n\r\n    function nextSlide() {\r\n        index++;\r\n        if (index === slides.length) {\r\n            viewport.style.transition = \"none\";\r\n            index = 0;\r\n            viewport.style.transform = `translateX(0)`;\r\n            setTimeout(() => {\r\n                viewport.style.transition = \"transform 0.5s ease-in-out\";\r\n            }, 10);\r\n        }\r\n        updateCarousel();\r\n    }\r\n\r\n    function prevSlide() {\r\n        index--;\r\n        if (index < 0) {\r\n            index = slides.length - 2;\r\n            viewport.style.transition = \"none\";\r\n            viewport.style.transform = `translateX(-${(slides.length - 1) * 100}%)`;\r\n            setTimeout(() => {\r\n                viewport.style.transition = \"transform 0.5s ease-in-out\";\r\n                updateCarousel();\r\n            }, 10);\r\n        } else {\r\n            updateCarousel();\r\n        }\r\n    }\r\n\r\n    function startAutoSlide() {\r\n        stopAutoSlide(); \/\/ Clear any existing interval first\r\n        interval = setInterval(nextSlide, 5000);\r\n    }\r\n\r\n    function stopAutoSlide() {\r\n        if (interval) {\r\n            clearInterval(interval);\r\n            interval = null;\r\n        }\r\n    }\r\n\r\n    function animation() {\r\n        viewport.style.transform = `translateX(calc(-${index * 100}% + ${currentTranslate}px))`;\r\n        if (isDragging) {\r\n            animationID = requestAnimationFrame(animation);\r\n        }\r\n    }\r\n\r\n    \/\/ Touch event handlers - improved for smoothness\r\n    viewport.addEventListener(\"touchstart\", function(e) {\r\n        touchStartX = e.touches[0].clientX;\r\n        isDragging = true;\r\n        stopAutoSlide();\r\n        viewport.style.transition = 'none';\r\n        prevTranslate = -index * slideWidth;\r\n        animationID = requestAnimationFrame(animation);\r\n    }, {passive: false});\r\n\r\n    viewport.addEventListener(\"touchmove\", function(e) {\r\n        if (!isDragging) return;\r\n        const touchPosition = e.touches[0].clientX;\r\n        currentTranslate = touchPosition - touchStartX;\r\n        \/\/ Limit maximum drag distance\r\n        currentTranslate = Math.max(Math.min(currentTranslate, slideWidth * 0.3), -slideWidth * 0.3);\r\n    }, {passive: false});\r\n\r\n    viewport.addEventListener(\"touchend\", function(e) {\r\n        if (!isDragging) return;\r\n        \r\n        cancelAnimationFrame(animationID);\r\n        isDragging = false;\r\n        touchEndX = e.changedTouches[0].clientX;\r\n        \r\n        const movedBy = touchEndX - touchStartX;\r\n        const movedPercentage = (movedBy \/ slideWidth) * 100;\r\n        \r\n        \/\/ Smooth transition back or to next slide\r\n        viewport.style.transition = \"transform 0.3s cubic-bezier(0.22, 0.61, 0.36, 1)\";\r\n        \r\n        if (Math.abs(movedPercentage) > 15) { \/\/ 15% of slide width threshold\r\n            if (movedBy < 0) {\r\n                nextSlide();\r\n            } else {\r\n                prevSlide();\r\n            }\r\n        } else {\r\n            \/\/ Return to current slide\r\n            viewport.style.transform = `translateX(-${index * 100}%)`;\r\n        }\r\n        \r\n        currentTranslate = 0;\r\n        prevTranslate = -index * slideWidth;\r\n        startAutoSlide();\r\n    }, {passive: false});\r\n\r\n    navButtons.forEach((button, i) => {\r\n        button.addEventListener(\"click\", () => {\r\n            index = i;\r\n            updateCarousel();\r\n        });\r\n    });\r\n\r\n    viewport.addEventListener(\"transitionend\", () => {\r\n        if (index === slides.length - 1) {\r\n            viewport.style.transition = \"none\";\r\n            index = 0;\r\n            viewport.style.transform = `translateX(0)`;\r\n            setTimeout(() => {\r\n                viewport.style.transition = \"transform 0.5s ease-in-out\";\r\n            }, 10);\r\n        }\r\n    });\r\n\r\n    document.querySelector(\".carousel\").addEventListener(\"mouseenter\", stopAutoSlide);\r\n    document.querySelector(\".carousel\").addEventListener(\"mouseleave\", startAutoSlide);\r\n\r\n    \/\/ Initialize\r\n    prevTranslate = -index * slideWidth;\r\n    currentTranslate = prevTranslate;\r\n    startAutoSlide();\r\n});\r\n<\/script>","protected":false},"excerpt":{"rendered":"TELEF\u00d3NNY SYST\u00c9M | VIDEO | CHAT Modern\u00fd firemn\u00fd telef\u00f3nny syst\u00e9m Komplexn\u00e9 rie\u0161enie pre hovory, videokonferencie a t\u00edmov\u00fa komunik\u00e1ciu bez poplatkov za pou\u017e\u00edvate\u013ea. Vysk\u00fa\u0161a\u0165 zadarmo CALL CENTRUM | ANAL\u00ddZA Profesion\u00e1lne rie\u0161enie pre call centr\u00e1 Pokro\u010dil\u00e9 smerovanie hovorov, reportovanie a anal\u00fdzy pre v\u00e1\u0161 z\u00e1kazn\u00edcky servis. CLOUD PBX | ON-PREMISE Flexibiln\u00e9 mo\u017enosti nasadenia Hostovanie v cloude alebo na [&hellip;]","protected":false},"author":2,"featured_media":0,"parent":0,"menu_order":0,"comment_status":"closed","ping_status":"closed","template":"","meta":{"_sitemap_exclude":false,"_sitemap_priority":"","_sitemap_frequency":"","footnotes":""},"class_list":["post-909","page","type-page","status-publish","hentry"],"_links":{"self":[{"href":"https:\/\/www.teles.cz\/sk\/wp-json\/wp\/v2\/pages\/909","targetHints":{"allow":["GET"]}}],"collection":[{"href":"https:\/\/www.teles.cz\/sk\/wp-json\/wp\/v2\/pages"}],"about":[{"href":"https:\/\/www.teles.cz\/sk\/wp-json\/wp\/v2\/types\/page"}],"author":[{"embeddable":true,"href":"https:\/\/www.teles.cz\/sk\/wp-json\/wp\/v2\/users\/2"}],"replies":[{"embeddable":true,"href":"https:\/\/www.teles.cz\/sk\/wp-json\/wp\/v2\/comments?post=909"}],"version-history":[{"count":124,"href":"https:\/\/www.teles.cz\/sk\/wp-json\/wp\/v2\/pages\/909\/revisions"}],"predecessor-version":[{"id":1071,"href":"https:\/\/www.teles.cz\/sk\/wp-json\/wp\/v2\/pages\/909\/revisions\/1071"}],"wp:attachment":[{"href":"https:\/\/www.teles.cz\/sk\/wp-json\/wp\/v2\/media?parent=909"}],"curies":[{"name":"wp","href":"https:\/\/api.w.org\/{rel}","templated":true}]}}